{"id":17,"date":"2009-10-28T18:31:33","date_gmt":"2009-10-28T17:31:33","guid":{"rendered":"http:\/\/www.huber-sanitaer.de\/wp\/?page_id=17"},"modified":"2009-10-28T18:35:33","modified_gmt":"2009-10-28T17:35:33","slug":"impressum","status":"publish","type":"page","link":"http:\/\/www.huber-sanitaer.de\/?page_id=17","title":{"rendered":"Impressum"},"content":{"rendered":"<p>Handwerksmeister Georg Huber<br \/>\nWerre 10<br \/>\n72218 Wildberg<br \/>\nTelefon: +49 40 7054 \/ 7172<br \/>\nTelefax: +49 40 7054 \/ 5795<br \/>\nE-Mail: info@huber-sanitaer.de<br \/>\nInternet: www.huber-sanitaer.de<\/p>\n<p>Zust\u00e4ndige Kammer: Handwerkskammer Karlsruhe<br \/>\nBerufsbezeichnung: Gas- und Wasserinstallateur-Meister (verliehen in der Bundesrepublik Deutschland)<\/p>\n<p><strong>Berufsrechtliche Regelungen:<\/strong><br \/>\nHandwerksordnung<br \/>\n(Zu finden im Bundesgesetzblatt I, Seite 3074 in der Fassung vom 24. September 1998)<\/p>\n<p>Umsatzsteuer-Identifikationsnummer gem\u00e4\u00df \u00a7 27 a Umsatzsteuergesetz: DE 144389243<\/p>\n<p><strong>Haftungshinweis:<\/strong> Trotz sorgf\u00e4ltiger inhaltlicher Kontrolle \u00fcbernehmen wir keine Haftung f\u00fcr die Inhalte externer Links. F\u00fcr den Inhalt der verlinkten Seiten sind ausschlie\u00dflich deren Betreiber verantwortlich.<\/p>\n","protected":false},"excerpt":{"rendered":"<p>Handwerksmeister Georg Huber Werre 10 72218 Wildberg Telefon: +49 40 7054 \/ 7172 Telefax: +49 40 7054 \/ 5795 E-Mail: info@huber-sanitaer.de Internet: www.huber-sanitaer.de Zust\u00e4ndige Kammer: Handwerkskammer Karlsruhe Berufsbezeichnung: Gas- und Wasserinstallateur-Meister (verliehen in der Bundesrepublik Deutschland) Berufsrechtliche Regelungen: Handwerksordnung (Zu finden im Bundesgesetzblatt I, Seite 3074 in der Fassung vom 24. September 1998) Umsatzsteuer-Identifikationsnummer gem\u00e4\u00df [&hellip;]<\/p>\n","protected":false},"author":1,"featured_media":0,"parent":0,"menu_order":0,"comment_status":"closed","ping_status":"closed","template":"","meta":{"footnotes":""},"_links":{"self":[{"href":"http:\/\/www.huber-sanitaer.de\/index.php?rest_route=\/wp\/v2\/pages\/17"}],"collection":[{"href":"http:\/\/www.huber-sanitaer.de\/index.php?rest_route=\/wp\/v2\/pages"}],"about":[{"href":"http:\/\/www.huber-sanitaer.de\/index.php?rest_route=\/wp\/v2\/types\/page"}],"author":[{"embeddable":true,"href":"http:\/\/www.huber-sanitaer.de\/index.php?rest_route=\/wp\/v2\/users\/1"}],"replies":[{"embeddable":true,"href":"http:\/\/www.huber-sanitaer.de\/index.php?rest_route=%2Fwp%2Fv2%2Fcomments&post=17"}],"version-history":[{"count":1,"href":"http:\/\/www.huber-sanitaer.de\/index.php?rest_route=\/wp\/v2\/pages\/17\/revisions"}],"predecessor-version":[{"id":18,"href":"http:\/\/www.huber-sanitaer.de\/index.php?rest_route=\/wp\/v2\/pages\/17\/revisions\/18"}],"wp:attachment":[{"href":"http:\/\/www.huber-sanitaer.de\/index.php?rest_route=%2Fwp%2Fv2%2Fmedia&parent=17"}],"curies":[{"name":"wp","href":"https:\/\/api.w.org\/{rel}","templated":true}]}}